{"id":2893,"date":"2020-01-27T16:17:16","date_gmt":"2020-01-27T15:17:16","guid":{"rendered":"http:\/\/projeten.eu\/?page_id=2893"},"modified":"2020-09-08T11:22:10","modified_gmt":"2020-09-08T09:22:10","slug":"mentions-legales","status":"publish","type":"page","link":"https:\/\/projeten.eu\/?page_id=2893","title":{"rendered":"Mentions l\u00e9gales"},"content":{"rendered":"<div class=\"grid kcm\">\n<div class=\"grid__item one-whole portable--auto lap--auto palm--auto\">\n<p>&nbsp;<\/p>\n<p><strong>\u00c9diteur du site<\/strong><br \/>\n<span class=\"small\">PROJETEN, bureau de cr\u00e9ation pluridisciplinaire \u2013 3<\/span>4 rue du Baumbusch, L &#8211; 8213 Mamer Luxembourg<\/p>\n<p><strong>Direction de la publication<\/strong><br \/>\n<span class=\"small\">Pascal Roussel, pr\u00e9sident<\/span><\/p>\n<p><strong>H\u00e9bergeur<\/strong><br \/>\n<span class=\"small\">OVH \u2013 2 rue Kellermann \u2013 59100 Roubaix \u2013 France BP 70109<\/span><\/p>\n<p class=\"small\">Un site bas\u00e9 sur <a href=\"http:\/\/wordpress.org\/\" target=\"_blank\" rel=\"noopener noreferrer\">WordPress<\/a>, CMS libre et Open Source.<\/p>\n<p>___<\/p>\n<p>Tous les \u00e9l\u00e9ments visuels composant le site sont la propri\u00e9t\u00e9 de leurs auteurs. Merci de vous r\u00e9f\u00e9rer \u00e0 la mention des cr\u00e9dits au bas de chaque page.<\/p>\n<\/div>\n<\/div>\n","protected":false},"excerpt":{"rendered":"<p>&nbsp; \u00c9diteur du site PROJETEN, bureau de cr\u00e9ation pluridisciplinaire \u2013 34 rue du Baumbusch, L &#8211; 8213 Mamer Luxembourg Direction de la publication Pascal Roussel, pr\u00e9sident H\u00e9bergeur OVH \u2013 2 rue Kellermann \u2013 59100 Roubaix \u2013 France BP 70109 Un site bas\u00e9 sur WordPress, CMS libre et Open Source. ___ Tous les \u00e9l\u00e9ments visuels composant [&hellip;]<\/p>\n","protected":false},"author":1,"featured_media":0,"parent":0,"menu_order":0,"comment_status":"closed","ping_status":"closed","template":"","meta":[],"_links":{"self":[{"href":"https:\/\/projeten.eu\/index.php?rest_route=\/wp\/v2\/pages\/2893"}],"collection":[{"href":"https:\/\/projeten.eu\/index.php?rest_route=\/wp\/v2\/pages"}],"about":[{"href":"https:\/\/projeten.eu\/index.php?rest_route=\/wp\/v2\/types\/page"}],"author":[{"embeddable":true,"href":"https:\/\/projeten.eu\/index.php?rest_route=\/wp\/v2\/users\/1"}],"replies":[{"embeddable":true,"href":"https:\/\/projeten.eu\/index.php?rest_route=%2Fwp%2Fv2%2Fcomments&post=2893"}],"version-history":[{"count":3,"href":"https:\/\/projeten.eu\/index.php?rest_route=\/wp\/v2\/pages\/2893\/revisions"}],"predecessor-version":[{"id":2994,"href":"https:\/\/projeten.eu\/index.php?rest_route=\/wp\/v2\/pages\/2893\/revisions\/2994"}],"wp:attachment":[{"href":"https:\/\/projeten.eu\/index.php?rest_route=%2Fwp%2Fv2%2Fmedia&parent=2893"}],"curies":[{"name":"wp","href":"https:\/\/api.w.org\/{rel}","templated":true}]}}