{"id":2416,"date":"2018-06-05T17:27:42","date_gmt":"2018-06-05T15:27:42","guid":{"rendered":"http:\/\/projeten.eu\/?page_id=2416"},"modified":"2026-01-05T12:20:37","modified_gmt":"2026-01-05T11:20:37","slug":"accueil","status":"publish","type":"page","link":"https:\/\/projeten.eu\/","title":{"rendered":"Accueil"},"content":{"rendered":"<div class=\"grid kcm\">\n<div class=\"grid__item one-whole portable--auto lap--auto palm--auto top-no-padding bottom-no-padding \">\n<p><span style=\"font-weight: 400;\">La structure artistique PROJETEN, bas\u00e9e au Luxembourg, s\u2019attache \u00e0 la cr\u00e9ation de projets et de formes pluridisciplinaires performatives, op\u00e9ratiques, th\u00e9\u00e2trales, curatoriales ou imaginaires. La recherche et l\u2019exp\u00e9rimentation qu\u2019elles soient th\u00e9oriques ou appliqu\u00e9es y jouent un r\u00f4le majeur. Nos rapports aux \u00e9cosyst\u00e8mes, \u00e0 ses m\u00e9tamorphoses et les sensibilit\u00e9s qui s\u2019\u00e9l\u00e8vent, constituent l&rsquo;axe central de PROJETEN. Croisant ce champ intitul\u00e9 <\/span><a href=\"https:\/\/projeten.eu\/?page_id=3285\"> <b>Permaculture des arts<\/b><\/a><span style=\"font-weight: 400;\">, les utopies, leur inscription dans le r\u00e9el \u00e0 travers des gestes et des formes agissantes sont au c\u0153ur de nos pr\u00e9occupations et de notre pratique.\u00a0\u00a0<\/span><\/p>\n<\/div>\n<div class=\"grid__item eight-twelfths portable--auto lap--auto palm--auto top-no-padding bottom-no-padding \">\n<p><strong>Agenda de PROJETEN<\/strong><\/p>\n<p><strong>En 2026<\/strong><\/p>\n<p>10 mai 2026<br \/>\n<span style=\"font-weight: 400;\"><strong><a href=\"https:\/\/projeten.eu\/?portfolio=teatro-di-verzura\"><i>Teatro di Verzura,<\/i><\/a><\/strong> <\/span>l&rsquo;<a href=\"https:\/\/www.citemusicale-metz.fr\/fr\/programmation\/saison-25-26\/arsenal\/teatro-di-verzura\">Arsenal, Salle de l&rsquo;Esplanade, Cit\u00e9 musicale<\/a>, Metz<\/p>\n<p>14, 15, 16 mars 2026<br \/>\n<em>En vertu de\u00a0\u2026<\/em> au Palais des nations Unies et <em>Der Kaiser\u00a0von Atlantis<\/em>\u00a0\u00e0 la <a href=\"https:\/\/www.gtg.ch\/saison-25-26\/empereur-atlantis\/\">Com\u00e9die de Gen\u00e8ve<\/a>.<\/p>\n<p>14 et 15 f\u00e9vrier 2026<br \/>\n<em>En vertu de \u2026\u00a0<\/em>au Parlement europ\u00e9en et\u00a0<em>Der Kaiser von\u00a0Atlantis<\/em>\u00a0au <a href=\"https:\/\/theatres.lu\/fr\/zuszub\">Grand Th\u00e9\u00e2tre de Luxembourg<\/a>.<\/p>\n<p><strong>En 2025<\/strong><\/p>\n<\/div>\n<div class=\"grid__item eight-twelfths portable--auto lap--auto palm--auto top-no-padding bottom-no-padding \">\n<p><span style=\"font-weight: 400;\">Les 20 et 21 novembre 2025<br \/>\nPremi\u00e8res de <strong><a href=\"https:\/\/projeten.eu\/?portfolio=teatro-di-verzura\"><i>Teatro di Verzura<\/i><\/a><\/strong> au <a href=\"https:\/\/theatre.esch.lu\/\">Escher Theater<\/a>, Esch-sur-Alzette, Luxembourg<\/span><\/p>\n<p>17 septembre 2025<br \/>\n<em><strong><a href=\"https:\/\/projeten.eu\/?portfolio=naturae-luonnollisesti\">Luonnollisesti<\/a>,<\/strong><\/em> <a href=\"https:\/\/www.lechainon.fr\">Cha\u00eenon manquant<\/a>, Laval.<\/p>\n<p>28 et 29 juin 2025, Acte 1 \u00e0 14h et 16h, Acte 2 \u00e0 19h<br \/>\n<strong><a href=\"https:\/\/projeten.eu\/?portfolio=naturae-luonnollisesti\"><em>Luonnollisesti<\/em><\/a><\/strong> \u00e0 la <a href=\"https:\/\/luga.lu\/fr\/nos-evenements\/\">LUGA<\/a>, Luxembourg Urban Garden.<\/p>\n<p>Du 22 au 25 mai 2025<br \/>\n<em><strong>Barbabl\u00f9 \u2013 (I. Paura)<\/strong>,\u00a0<\/em><a href=\"https:\/\/galleriatoledo.it\/index.php\/it\/spettacoli\/calendario\/dettaglievento\/377\/-\/barbablu-i-paura\">Th\u00e9\u00e2tre Galleria Toledo<\/a>, Naples.<\/p>\n<p><span style=\"font-weight: 400;\">15 mai 2025 \u00e0 18h30<\/span><span style=\"font-weight: 400;\"><br \/>\n<\/span><span style=\"font-weight: 400;\"><strong>Sortie de r\u00e9sidence <\/strong><\/span><em><span style=\"font-weight: 400;\"><strong><em><strong>Barbabl\u00f9 &#8211; (I. Paura)<\/strong><\/em><\/strong> <\/span><\/em><span style=\"font-weight: 400;\">\u00e0 l\u2019<\/span><span style=\"font-weight: 400;\"><a href=\"https:\/\/www.neimenster.lu\">Abbaye de Neim\u00ebnster<\/a>, Centre culturel de rencontres, Luxembourg.<\/span><\/p>\n<p>14 mars 2025, \u00e0 17h30<br \/>\n<a href=\"https:\/\/kulturfabrik.lu\/event\/sortie-de-residence\"><strong>Sortie de r\u00e9sidence <\/strong><em><strong>, <\/strong><\/em><\/a>\u00e0 la Kufa, Esch-sur-Alzette en r\u00e9sonance avec le projet d\u2019exposition\u00a0<em><strong>SHOUTING! Esth\u00e9tique et politique du cri<\/strong> <\/em>(titre provisoire), au Fonds R\u00e9gional d\u2019art contemporain de Besan\u00e7on, 2026.<\/p>\n<p>&nbsp;<\/p>\n<p><strong>DERNI\u00c8REMENT :<\/strong><\/p>\n<p><strong>En 2024<\/strong><\/p>\n<p>8 Novembre 2024<br \/>\nEsquisse (45\u2032) de <strong><a href=\"https:\/\/projeten.eu\/?portfolio=teatro-di-verzura\"><i>Te<\/i><i>atro<\/i><i> di<\/i><i> Verzura <\/i><\/a><\/strong>au <a href=\"https:\/\/theatre.esch.lu\/\">Escher Theatre<\/a>, Esch-sur-Alzette (Lux) dans le cadre du showcase spectacle vivant organis\u00e9 par KulturLX<\/p>\n<p>22 Septembre 2024, \u00e0 11h et 16h<br \/>\nEsquisse (45\u2032) de <strong><a href=\"https:\/\/projeten.eu\/?portfolio=teatro-di-verzura\"><i>Teatro<\/i><i> di<\/i><i> Verzura<\/i><\/a><\/strong>. Deux repr\u00e9sentations dans le giardino pensile Palazzo Ducale di Urbino, Galleria Nazionale delle Marche, Urbino, Italie<\/p>\n<p>10 ao\u00fbt-29 septembre 2024, inauguration le 10 ao\u00fbt \u00e0 17h<br \/>\nExposition <strong><a href=\"https:\/\/projeten.eu\/?portfolio=teatro-di-verzura-lexposition-il-grande-e-sempre-fatto-del-piccolo\"><em>Il Grande \u00e8 sempre fatto del piccolo<\/em><\/a><\/strong> de <a href=\"http:\/\/liseduclaux.be\/blog\/\">Lise Duclaux<\/a> en r\u00e9sonance avec <strong><a href=\"https:\/\/projeten.eu\/?portfolio=teatro-di-verzura\"><i>Teatro di Verzura<\/i><\/a><\/strong>, commissariat St\u00e9phane Ghislain Roussel, \u00e0 la <a href=\"http:\/\/www.casaraffaello.com\/\">Casa Raffaello<\/a> di\u00a0Urbino, Italie<\/p>\n<p>23 et 25 juin 2024<br \/>\n<strong><a href=\"https:\/\/projeten.eu\/?portfolio=naturae-luonnollisesti\"><i>Luonnollisesti<\/i><\/a><\/strong>, pr\u00e9sentation en deux parties : installation sonore \/ pi\u00e8ce au plateau. Premi\u00e8re partie : 2 s\u00e9ances d\u2019\u00e9coute<br \/>\nde l\u2019installation sonore \u00e0 14h30 et 17h30 \u00e0 l\u2019<a href=\"http:\/\/www.abbayedenoirlac.fr\">Abbaye de Noirlac<\/a> \u2013 Centre Culturel de Rencontre, Bru\u00e8re-Allichamps (18), France. Deuxi\u00e8me partie : pi\u00e8ce au plateau \u00e0 20h30 \u00e0 <a href=\"https:\/\/antrepeaux.net\/\">Antre Peaux<\/a> (salle Houloc\u00e8ne), Bourges (18), France. Conception et mise-en-sc\u00e8ne : St\u00e9phane Ghislain Roussel. Cr\u00e9ation sonore : Emilie Mousset. Jeu : Marja-Leena Junker<\/p>\n<p>27, 28, 29 et 30 mai 2024<br \/>\n<strong><a href=\"https:\/\/projeten.eu\/?portfolio=naturae-luonnollisesti\"><i>Luonnollisesti<\/i><\/a><\/strong> au <a href=\"https:\/\/theatre.esch.lu\/\">Th\u00e9\u00e2tre d\u2019Esch<\/a> (salle de l\u2019Ariston), Esch-sur-Alzette, Luxembourg<\/p>\n<p>Avril-mai 2024<br \/>\nR\u00e9sidence de cr\u00e9ation de <a href=\"http:\/\/liseduclaux.be\/blog\/\">Lise Duclaux<\/a>, pour l\u2019exposition en r\u00e9sonance avec <strong><a href=\"https:\/\/projeten.eu\/?portfolio=teatro-di-verzura\"><i>Teatro di Verzura<\/i><\/a><\/strong> (commissariat St\u00e9phane Ghislain Roussel), Atelier de la <a href=\"http:\/\/www.casaraffaello.com\/\">Casa Raffaello<\/a>, Urbino, Italie<\/p>\n<p>14 &amp; 15 mars 2024<br \/>\n<em>Actualit\u00e9 de St\u00e9phane Ghislain Roussel<\/em><em> :<\/em> participation au <a href=\"https:\/\/bnl.public.lu\/fr\/a-la-une\/agenda\/2024\/litterature-musique.html\">Colloque \u00ab\u00a0Litt\u00e9rature et Musique au Luxembourg\u00a0\u00bb<\/a><br \/>\n\u00e0 la <a href=\"https:\/\/bnl.public.lu\/fr.html\">Biblioth\u00e8que Nationale de Luxembourg<\/a> avec une communication intitul\u00e9e \u00ab\u00a0Musique et texte, un versant de l\u2019\u0153uvre d\u2019art total\u00a0\u00bb<\/p>\n<p>Du 12 au 16 f\u00e9vrier 2024<br \/>\nR\u00e9sidence de recherche en vue de l\u2019exposition sur <strong><i>Le Cri<\/i><\/strong> (2026, co-curateurs St\u00e9phane Ghislain Roussel et Julien Ribeiro)<br \/>\nau \u00a0<a href=\"https:\/\/www.frac-franche-comte.fr\/fr\">FRAC de Franche-Comt\u00e9<\/a> \u00e0 Besan\u00e7on, France.<\/p>\n<p>19 janvier 2024 \u00e0 19h<br \/>\n<strong><a href=\"https:\/\/projeten.eu\/?portfolio=naturae-luonnollisesti\"><i>Luonnollisesti<\/i><\/a><\/strong> : lecture par Marja-Leena Junker du texte et pr\u00e9lude sonore de la composition d\u2019<a href=\"https:\/\/emiliemousset.net\/\">Emilie Mousset<\/a> dans le cadre des <a href=\"https:\/\/www.nuitsdelalecture.fr\/\">Nuits de la lecture 2024<\/a>, \u00e0 la <a href=\"https:\/\/www.theatredurondpoint.fr\/informationspratiques\/librairie-2\/\">Librairie O<\/a>, <a href=\"https:\/\/www.theatredurondpoint.fr\/index.htm\">Th\u00e9\u00e2tre du Rond-Point<\/a>, Paris, France<\/p>\n<p>12 janvier 2024 \u00e0 19h<br \/>\n<a href=\"https:\/\/us7.mailchimp.com\/mctx\/clicks?url=https%3A%2F%2Fwww.kulturkalender-dresden.de%2Fveranstaltung%2Fvortrag-fleisch-als-mittel-+hermann-nitsch-und-das-gesamtkunstwerk&amp;xid=ce9aa8ed20&amp;uid=152260930&amp;iid=59b2b1019a&amp;pool=cts&amp;v=2&amp;c=1703261808&amp;h=7d40eb4f9a09a967fa6a93bb589d2aa1a53c4082fdc7a40d7d28824ed1a228cd\"><i>Fleisch als Mittel. Hermann Nitsch und das Gesamtkunstwerk<\/i><\/a>. [<i>La chair comme moyen. Hermann Nitsch et l\u2019\u0153uvre d\u2019art totale<\/i>], conf\u00e9rence de St\u00e9phane Ghislain Roussel, Residenzschloss, Staatliche Kunstsammlung, Dresde, Allemagne<\/p>\n<p>&nbsp;<\/p>\n<p><strong>En 2023<\/strong><\/p>\n<p>28 septembre 2023<br \/>\nSoir\u00e9e de pr\u00e9sentation aux partenaires et conf\u00e9rence de presse du Festival Teatro Terra, <a href=\"http:\/\/www.academiabelgica.eu\/chi-siamo\">Academia Belgica de Rome<\/a>, Italie<\/p>\n<p>3&amp;4 juin 2023<br \/>\n<i>Actualit\u00e9 de St\u00e9phane Ghislain Roussel<\/i> : intervention et lectures de po\u00e8mes \u00e0 l\u2019occasion de la Nuit de la po\u00e9sie,<br \/>\navec Barbara Polla, au <a href=\"https:\/\/mcusercontent.com\/cbfdb4ae5b4a59f7d2b9e824e\/files\/e82fb76e-03bc-5b71-4808-3cd862be85a8\/CP_Nuit_poesie.pdf\">MAHMAH<\/a> \u2013 Mus\u00e9e d\u2019art et d\u2019histoire de Gen\u00e8ve, Suisse<\/p>\n<p>24-29 avril 2023<br \/>\n<a href=\"https:\/\/frac-franche-comte.fr\/fr\">FRAC Franche Comt\u00e9 \u2013 Besan\u00e7on<\/a>, R\u00e9sidence de recherche sur <a href=\"https:\/\/projeten.eu\/?portfolio=expansion-de-lart-total-a-travers-les-utopies-a-vivre\"><i>l\u2019Expansion de l\u2019art total \u00e0 travers les utopies \u00e0 vivre<\/i><\/a><br \/>\nen vue d\u2019une exposition (Curateur St\u00e9phane Ghislain Roussel)<\/p>\n<p>9-19 f\u00e9vrier 2023<br \/>\n<a href=\"https:\/\/projeten.eu\/?portfolio=naturae-luonnollisesti\"><b><i>Luonnollisesti<\/i><\/b><\/a>, r\u00e9sidence de travail en Finlande (Helsinki et Padasjoki)<\/p>\n<p>7 f\u00e9vrier 2023<br \/>\n<i>Actualit\u00e9 de St\u00e9phane Ghislain Roussel : <\/i><a href=\"http:\/\/www.esalorraine.fr\/metz\/pageactu\/rencontre-du-soir\/\">Rencontres du Soir<\/a> avec <a href=\"http:\/\/liseduclaux.be\/blog\/\">Lise Duclaux<\/a> en discussion avec<br \/>\nSt\u00e9phane Ghislain Roussel \u00e0 l\u2019Ecole Sup\u00e9rieure d\u2019Art de Lorraine, Metz, France<\/p>\n<p>30 janvier \u2013 04 f\u00e9vrier 2023<br \/>\n<a href=\"https:\/\/projeten.eu\/?portfolio=naturae-luonnollisesti\"><b><i>Luonnollisesti<\/i><\/b><\/a>, r\u00e9sidence son. Travail avec la cr\u00e9atrice sonore Emilie Mousset \u00e0 l\u2019<a href=\"https:\/\/antrepeaux.net\/luonnollisesti\/\">Antre Peaux<\/a>, Bourges puis<br \/>\n\u00e0 l\u2019<a href=\"https:\/\/www.abbayedenoirlac.fr\/\">Abbaye de Noirlac<\/a> (Sonoth\u00e8que), France. Le 04.02 \u00e0 17h : sortie de r\u00e9sidence, <a href=\"https:\/\/antrepeaux.net\/lieux\/houlocene\/\">salle Houloc\u00e8ne<\/a>, Antre Peaux.<\/p>\n<p>Janvier 2023<br \/>\n<i>Actualit\u00e9 de St\u00e9phane Ghislain Roussel<\/i> : parution de l\u2019ouvrage collectif <a href=\"https:\/\/www.skira.net\/fr\/books\/last-days-of-the-opera-1\/\"><i>The Last Days of the Opera<\/i><\/a>, Ed. Skira, auquel St\u00e9phane Ghislain Roussel a contribu\u00e9 avec le texte \u00ab\u00a0Il n\u2019y a que le vainqueur pour confondre la paix et la victoire\u00a0\u00bb.<\/p>\n<p>&nbsp;<\/p>\n<p><strong>EN 2022<\/strong><\/p>\n<p>3-11 d\u00e9cembre 2022<br \/>\n<i>Actualit\u00e9 de St\u00e9phane Ghislain Roussel<\/i> : <a href=\"http:\/\/www.theatrecentaure.lu\/spectacle\/textes-sans-frontiere-le-balkan\/\"><i>Textes sans fronti\u00e8res<\/i><\/a> (Edition 2022 consacr\u00e9e aux Balkans), mise en voix de St\u00e9phane Ghislain Roussel du texte <i>Puissent nos voix r\u00e9sonner <\/i>d\u2019 Adnan Lugonic.<\/p>\n<p>26 octobre 2022<br \/>\nDirection artistique (St\u00e9phane Ghislain Roussel) de la soir\u00e9e organis\u00e9e par l\u2019Ambassade du Luxembourg en Italie en l\u2019honneur de Xavier B\u00e9tel, Premier Ministre du Luxembourg, en visite \u00e0 Bologne<i>. <\/i>Projection de<i> Semper Eadem <\/i>(2004) de Grazia Toderi, chants de V\u00e9ronique Nosbaum (soprano) et guitare de Giovanni Maselli. <a href=\"http:\/\/www.museibologna.it\/\">Museo della musica di Bologna<\/a>, Italie.<\/p>\n<p>24 septembre 2022<br \/>\n<a href=\"https:\/\/www.centrepompidou-metz.fr\/ronde-sonore-le-cri-en-miroir\"><b><i>Le cri en miroir, ronde sonore<\/i><\/b><\/a>, pr\u00e9lude \u00e0 l\u2019exposition consacr\u00e9e au \u00ab\u00a0Cri\u00a0\u00bb de Julien Ribeiro et St\u00e9phane Ghislain Roussel, dans le cadre de l\u2019exposition <a href=\"https:\/\/www.centrepompidou-metz.fr\/eva-aeppli\"><i>Le mus\u00e9e sentimental d\u2019Eva Aeppli<\/i><\/a> au Centre Pompidou Metz.<\/p>\n<p>15 septembre 2022<br \/>\nPerformance <a href=\"https:\/\/projeten.eu\/?portfolio=elevation-sonore-dialogue-avec-les-astres\">Dialogues avec les astres, #2<\/a> en d\u00e9ambulation dans Luxembourg.<\/p>\n<p>15-17 septembre 2022<br \/>\n<a href=\"https:\/\/projeten.eu\/?portfolio=papesse\"><b><i>Papesse<\/i><\/b><\/a>, pr\u00e9sentation \u00e0 la <a href=\"https:\/\/www.nosbaumreding.com\/\">Galerie Nosbaum Reding<\/a>, Luxembourg.<\/p>\n<p>07-11 juin 2022<br \/>\n<a href=\"https:\/\/projeten.eu\/?portfolio=naturae-luonnollisesti\"><b><i>Luonnollisesti<\/i><\/b><\/a>, r\u00e9sidence d\u2019\u00e9criture, <a href=\"https:\/\/antrepeaux.net\/luonnollisesti\/\">Antre Peaux<\/a>, Bourges<\/p>\n<p>10 juin 2022<br \/>\nPr\u00e9sentation publique de <a href=\"https:\/\/antrepeaux.net\/luonnollisesti\/\"><b><i>Luonnollisesti<\/i><\/b><\/a> (sortie de r\u00e9sidence) en pr\u00e9sence de St\u00e9phane Ghislain Roussel, metteur en sc\u00e8ne et Julie Sermon, dramaturge du projet, <a href=\"https:\/\/antrepeaux.net\/lieux\/houlocene\/\">Espace Houloc\u00e8ne<\/a>, Antre Peaux, Bourges<\/p>\n<p><i>Avec le soutien \u00e0 la r\u00e9sidence d\u2019Antre Peaux\u00a0 <\/i><\/p>\n<p>13-16 avril 2022<br \/>\n<a href=\"https:\/\/projeten.eu\/?portfolio=u-progetto-dopera-futura-u-projet-doeuvre-future\"><b><i>U, projet d\u2019oeuvre future<\/i><\/b><\/a><b><i> \u2013<\/i><\/b> dans le cadre de la plateforme de r\u00e9flexions intitul\u00e9e<br \/>\n\u00ab\u00a0<a href=\"http:\/\/projeten.eu\/?page_id=3178\">Expansion de l\u2019Art total \u00e0 travers les utopies \u00e0 vivre<\/a>\u00a0\u00bb \u2013 r\u00e9sidence de cr\u00e9ation au <a href=\"https:\/\/www.galleriatoledo.it\/index.php\/it\/\">TeatroGalleria Toledo<\/a>, Naples<\/p>\n<\/div>\n<\/div>\n","protected":false},"excerpt":{"rendered":"<p>La structure artistique PROJETEN, bas\u00e9e au Luxembourg, s\u2019attache \u00e0 la cr\u00e9ation de projets et de formes pluridisciplinaires performatives, op\u00e9ratiques, th\u00e9\u00e2trales, curatoriales ou imaginaires. La recherche et l\u2019exp\u00e9rimentation qu\u2019elles soient th\u00e9oriques ou appliqu\u00e9es y jouent un r\u00f4le majeur. Nos rapports aux \u00e9cosyst\u00e8mes, \u00e0 ses m\u00e9tamorphoses et les sensibilit\u00e9s qui s\u2019\u00e9l\u00e8vent, constituent l&rsquo;axe central de PROJETEN. Croisant [&hellip;]<\/p>\n","protected":false},"author":1,"featured_media":0,"parent":0,"menu_order":0,"comment_status":"closed","ping_status":"closed","template":"template-portfolio.php","meta":[],"_links":{"self":[{"href":"https:\/\/projeten.eu\/index.php?rest_route=\/wp\/v2\/pages\/2416"}],"collection":[{"href":"https:\/\/projeten.eu\/index.php?rest_route=\/wp\/v2\/pages"}],"about":[{"href":"https:\/\/projeten.eu\/index.php?rest_route=\/wp\/v2\/types\/page"}],"author":[{"embeddable":true,"href":"https:\/\/projeten.eu\/index.php?rest_route=\/wp\/v2\/users\/1"}],"replies":[{"embeddable":true,"href":"https:\/\/projeten.eu\/index.php?rest_route=%2Fwp%2Fv2%2Fcomments&post=2416"}],"version-history":[{"count":183,"href":"https:\/\/projeten.eu\/index.php?rest_route=\/wp\/v2\/pages\/2416\/revisions"}],"predecessor-version":[{"id":3634,"href":"https:\/\/projeten.eu\/index.php?rest_route=\/wp\/v2\/pages\/2416\/revisions\/3634"}],"wp:attachment":[{"href":"https:\/\/projeten.eu\/index.php?rest_route=%2Fwp%2Fv2%2Fmedia&parent=2416"}],"curies":[{"name":"wp","href":"https:\/\/api.w.org\/{rel}","templated":true}]}}