{"id":2400,"date":"2018-06-05T17:17:08","date_gmt":"2018-06-05T15:17:08","guid":{"rendered":"http:\/\/projeten.eu\/?page_id=2400"},"modified":"2018-12-21T18:03:46","modified_gmt":"2018-12-21T17:03:46","slug":"operas","status":"publish","type":"page","link":"https:\/\/projeten.eu\/?page_id=2400","title":{"rendered":"Th\u00e9\u00e2tre &#038; Op\u00e9ra"},"content":{"rendered":"<div class=\"grid kcm\">\n<div class=\"grid__item one-whole portable--auto lap--auto palm--auto\"><\/div>\n<\/div>\n","protected":false},"excerpt":{"rendered":"","protected":false},"author":1,"featured_media":0,"parent":0,"menu_order":3,"comment_status":"closed","ping_status":"closed","template":"template-portfolio.php","meta":[],"_links":{"self":[{"href":"https:\/\/projeten.eu\/index.php?rest_route=\/wp\/v2\/pages\/2400"}],"collection":[{"href":"https:\/\/projeten.eu\/index.php?rest_route=\/wp\/v2\/pages"}],"about":[{"href":"https:\/\/projeten.eu\/index.php?rest_route=\/wp\/v2\/types\/page"}],"author":[{"embeddable":true,"href":"https:\/\/projeten.eu\/index.php?rest_route=\/wp\/v2\/users\/1"}],"replies":[{"embeddable":true,"href":"https:\/\/projeten.eu\/index.php?rest_route=%2Fwp%2Fv2%2Fcomments&post=2400"}],"version-history":[{"count":25,"href":"https:\/\/projeten.eu\/index.php?rest_route=\/wp\/v2\/pages\/2400\/revisions"}],"predecessor-version":[{"id":2719,"href":"https:\/\/projeten.eu\/index.php?rest_route=\/wp\/v2\/pages\/2400\/revisions\/2719"}],"wp:attachment":[{"href":"https:\/\/projeten.eu\/index.php?rest_route=%2Fwp%2Fv2%2Fmedia&parent=2400"}],"curies":[{"name":"wp","href":"https:\/\/api.w.org\/{rel}","templated":true}]}}